{"id":172,"date":"2023-07-11T16:07:07","date_gmt":"2023-07-11T14:07:07","guid":{"rendered":"https:\/\/www.akademiephilippi.de\/?page_id=172"},"modified":"2024-09-05T16:17:31","modified_gmt":"2024-09-05T14:17:31","slug":"impressum","status":"publish","type":"page","link":"https:\/\/www.akademiephilippi.de\/index.php\/impressum\/","title":{"rendered":"Impressum"},"content":{"rendered":"<p>[et_pb_section fb_built=&#8220;1&#8243; _builder_version=&#8220;4.21.0&#8243; _module_preset=&#8220;default&#8220; global_colors_info=&#8220;{}&#8220;][et_pb_row _builder_version=&#8220;4.21.0&#8243; _module_preset=&#8220;default&#8220; global_colors_info=&#8220;{}&#8220;][et_pb_column type=&#8220;4_4&#8243; _builder_version=&#8220;4.21.0&#8243; _module_preset=&#8220;default&#8220; global_colors_info=&#8220;{}&#8220;][et_pb_text _builder_version=&#8220;4.21.0&#8243; _module_preset=&#8220;default&#8220; header_font=&#8220;Roboto Light Version|300|||||||&#8220; header_text_align=&#8220;center&#8220; global_colors_info=&#8220;{}&#8220;]<\/p>\n<h1>Impressum der Forschungs- und Lehrakademie f\u00fcr Bioeneretik und Bioinformatik<\/h1>\n<p>[\/et_pb_text][et_pb_divider color=&#8220;#0C71C3&#8243; divider_position=&#8220;center&#8220; divider_weight=&#8220;2px&#8220; disabled_on=&#8220;off|off|off%22&#8243; admin_label=&#8220;Divider&#8220; _builder_version=&#8220;4.21.0&#8243; max_width=&#8220;150px&#8220; module_alignment=&#8220;center&#8220; height=&#8220;false&#8220; custom_margin=&#8220;30px|||&#8220; animation_style=&#8220;slide&#8220; animation_direction=&#8220;top&#8220; animation_delay=&#8220;100ms&#8220; animation_intensity_slide=&#8220;10%&#8220; locked=&#8220;off&#8220; global_colors_info=&#8220;{}&#8220;][\/et_pb_divider][et_pb_text _builder_version=&#8220;4.21.0&#8243; _module_preset=&#8220;default&#8220; global_colors_info=&#8220;{}&#8220;]<\/p>\n<p>Forschungs- und Lehrakademie f\u00fcr Bioeneretik und Bioinformatik<br \/>Sohlander Str. 2<br \/>02689 Sohland an der Spree<\/p>\n<p><a href=\"mailto:info@veranstaltungen-philippimethode.de\">info@veranstaltungen-philippimethode.de<\/a><\/p>\n<p>Gesch\u00e4ftsf\u00fchrung: Viktor Philippi, Katja Rode<\/p>\n<p>Umsatzsteuer ID gem\u00e4\u00df \u00a727a UStG: DE226767501<\/p>\n<p>Steuer-ID: 204\/257\/04630<\/p>\n<p>Diese Internetseite entspricht den aktuellen Web-Standards.<\/p>\n<p>Wir sind bem\u00fcht, daf\u00fcr Sorge zu tragen, die Inhalte auf den Internetseiten zeitnah, vollst\u00e4ndig und richtig zu gestalten. Eine Gew\u00e4hr f\u00fcr die Aktualit\u00e4t, Richtigkeit und Vollst\u00e4ndigkeit der Angaben kann nicht \u00fcbernommen werden. Gleichfalls ausgeschlossen ist eine Gew\u00e4hr f\u00fcr den st\u00e4ndigen ungehinderten Zugang zu den Inhalten.<\/p>\n<p>Trotz sorgf\u00e4ltiger inhaltlicher Kontrolle \u00fcbernehmen wir keine Haftung f\u00fcr die Inhalte externer Links. F\u00fcr den Inhalt der verlinkten Seiten sind ausschlie\u00dflich deren Betreiber verantwortlich. Diese Inhalte k\u00f6nnen nicht fortlaufend von uns kontrolliert werden. Durch das Anklicken der besagten externen Links verlassen Sie deshalb das Angebot und den Verantwortungsbereich unserer Webseite.<\/p>\n<p>Alle auf dieser Webseite genannten Personen widersprechen hiermit jeder kommerziellen Verwertung und Weitergabe ihrer Daten (\u00a7 28 BDSG).<\/p>\n<p>Diese Webseite ist durch Copyright, Rechte an geistigem Eigentum und allen anderen entsprechenden Rechten gesch\u00fctzt. Sie wird von uns ver\u00f6ffentlicht und darf nur durch Herunterladen und Anzeigen auf einem einzelnen Computer und\/oder durch einen einzelnen Ausdruck f\u00fcr den privaten oder internen gesch\u00e4ftlichen Bedarf vervielf\u00e4ltigt werden. Die Webseite darf ohne vorherige schriftliche Genehmigung durch uns auf keine andere Weise vervielf\u00e4ltigt, \u00fcbertragen oder in einem Netzwerk verf\u00fcgbar gemacht werden. Alle weiteren Rechte bleiben vorbehalten.<\/p>\n<p>Alle Bilder sind urheberrechtlich gesch\u00fctzt. Ein Kopieren und Verwenden der Bilder jeglicher Art bedarf der ausdr\u00fccklichen Zustimmung des Inhabers der Webseite.<\/p>\n<p>Diese Bilder verwenden wir auf unserer Website: Urheber Isabel de Crasto, Shutterstock Nr. 1440747599 Urheber Dean Drobot<\/p>\n<p>[\/et_pb_text][\/et_pb_column][\/et_pb_row][\/et_pb_section]<\/p>\n","protected":false},"excerpt":{"rendered":"<p>Impressum der Forschungs- und Lehrakademie f\u00fcr Bioeneretik und BioinformatikForschungs- und Lehrakademie f\u00fcr Bioeneretik und BioinformatikSohlander Str. 202689 Sohland an der Spree info@veranstaltungen-philippimethode.de Gesch\u00e4ftsf\u00fchrung: Viktor Philippi, Katja Rode Umsatzsteuer ID gem\u00e4\u00df \u00a727a UStG: DE226767501 Steuer-ID: 204\/257\/04630 Diese Internetseite entspricht den aktuellen Web-Standards. Wir sind bem\u00fcht, daf\u00fcr Sorge zu tragen, die Inhalte auf den Internetseiten zeitnah, vollst\u00e4ndig [&hellip;]<\/p>\n","protected":false},"author":2,"featured_media":333,"parent":0,"menu_order":0,"comment_status":"closed","ping_status":"closed","template":"","meta":{"_et_pb_use_builder":"on","_et_pb_old_content":"","_et_gb_content_width":"","iawp_total_views":0,"footnotes":""},"class_list":["post-172","page","type-page","status-publish","has-post-thumbnail","hentry"],"yoast_head":"<!-- This site is optimized with the Yoast SEO plugin v27.5 - https:\/\/yoast.com\/product\/yoast-seo-wordpress\/ -->\n<title>Impressum - Forschungs- und Lehrakademie f\u00fcr Bioenergetik und Bioinformatik<\/title>\n<meta name=\"description\" content=\"Impressum der Forschungs- und Lehrakademie f\u00fcr Bioeneretik und Bioinformatik.\" \/>\n<meta name=\"robots\" content=\"index, follow, max-snippet:-1, max-image-preview:large, max-video-preview:-1\" \/>\n<link rel=\"canonical\" href=\"https:\/\/www.akademiephilippi.de\/index.php\/impressum\/\" \/>\n<meta property=\"og:locale\" content=\"de_DE\" \/>\n<meta property=\"og:type\" content=\"article\" \/>\n<meta property=\"og:title\" content=\"Impressum\" \/>\n<meta property=\"og:description\" content=\"Impressum der Forschungs- und Lehrakademie f\u00fcr Bioeneretik und Bioinformatik.\" \/>\n<meta property=\"og:url\" content=\"https:\/\/www.akademiephilippi.de\/index.php\/impressum\/\" \/>\n<meta property=\"og:site_name\" content=\"Forschungs- und Lehrakademie f\u00fcr Bioenergetik und Bioinformatik\" \/>\n<meta property=\"article:modified_time\" content=\"2024-09-05T14:17:31+00:00\" \/>\n<meta property=\"og:image\" content=\"https:\/\/www.akademiephilippi.de\/wp-content\/uploads\/2024\/05\/MG_6961kufkfk-11.jpg\" \/>\n\t<meta property=\"og:image:width\" content=\"2000\" \/>\n\t<meta property=\"og:image:height\" content=\"1179\" \/>\n\t<meta property=\"og:image:type\" content=\"image\/jpeg\" \/>\n<meta name=\"twitter:card\" content=\"summary_large_image\" \/>\n<meta name=\"twitter:title\" content=\"Impressum\" \/>\n<meta name=\"twitter:description\" content=\"Impressum der Forschungs- und Lehrakademie f\u00fcr Bioeneretik und Bioinformatik.\" \/>\n<meta name=\"twitter:image\" content=\"https:\/\/www.akademiephilippi.de\/wp-content\/uploads\/2024\/05\/MG_6961kufkfk-11.jpg\" \/>\n<meta name=\"twitter:label1\" content=\"Gesch\u00e4tzte Lesezeit\" \/>\n\t<meta name=\"twitter:data1\" content=\"2\u00a0Minuten\" \/>\n<script type=\"application\/ld+json\" class=\"yoast-schema-graph\">{\"@context\":\"https:\\\/\\\/schema.org\",\"@graph\":[{\"@type\":\"WebPage\",\"@id\":\"https:\\\/\\\/www.akademiephilippi.de\\\/index.php\\\/impressum\\\/\",\"url\":\"https:\\\/\\\/www.akademiephilippi.de\\\/index.php\\\/impressum\\\/\",\"name\":\"Impressum - Forschungs- und Lehrakademie f\u00fcr Bioenergetik und Bioinformatik\",\"isPartOf\":{\"@id\":\"https:\\\/\\\/www.akademiephilippi.de\\\/#website\"},\"primaryImageOfPage\":{\"@id\":\"https:\\\/\\\/www.akademiephilippi.de\\\/index.php\\\/impressum\\\/#primaryimage\"},\"image\":{\"@id\":\"https:\\\/\\\/www.akademiephilippi.de\\\/index.php\\\/impressum\\\/#primaryimage\"},\"thumbnailUrl\":\"https:\\\/\\\/www.akademiephilippi.de\\\/wp-content\\\/uploads\\\/2024\\\/05\\\/MG_6961kufkfk-11.jpg\",\"datePublished\":\"2023-07-11T14:07:07+00:00\",\"dateModified\":\"2024-09-05T14:17:31+00:00\",\"description\":\"Impressum der Forschungs- und Lehrakademie f\u00fcr Bioeneretik und Bioinformatik.\",\"breadcrumb\":{\"@id\":\"https:\\\/\\\/www.akademiephilippi.de\\\/index.php\\\/impressum\\\/#breadcrumb\"},\"inLanguage\":\"de\",\"potentialAction\":[{\"@type\":\"ReadAction\",\"target\":[\"https:\\\/\\\/www.akademiephilippi.de\\\/index.php\\\/impressum\\\/\"]}]},{\"@type\":\"ImageObject\",\"inLanguage\":\"de\",\"@id\":\"https:\\\/\\\/www.akademiephilippi.de\\\/index.php\\\/impressum\\\/#primaryimage\",\"url\":\"https:\\\/\\\/www.akademiephilippi.de\\\/wp-content\\\/uploads\\\/2024\\\/05\\\/MG_6961kufkfk-11.jpg\",\"contentUrl\":\"https:\\\/\\\/www.akademiephilippi.de\\\/wp-content\\\/uploads\\\/2024\\\/05\\\/MG_6961kufkfk-11.jpg\",\"width\":2000,\"height\":1179},{\"@type\":\"BreadcrumbList\",\"@id\":\"https:\\\/\\\/www.akademiephilippi.de\\\/index.php\\\/impressum\\\/#breadcrumb\",\"itemListElement\":[{\"@type\":\"ListItem\",\"position\":1,\"name\":\"Startseite\",\"item\":\"https:\\\/\\\/www.akademiephilippi.de\\\/\"},{\"@type\":\"ListItem\",\"position\":2,\"name\":\"Impressum\"}]},{\"@type\":\"WebSite\",\"@id\":\"https:\\\/\\\/www.akademiephilippi.de\\\/#website\",\"url\":\"https:\\\/\\\/www.akademiephilippi.de\\\/\",\"name\":\"Forschungs- und Lehrakademie f\u00fcr Bioenergetik und Bioinformatik\",\"description\":\"\",\"potentialAction\":[{\"@type\":\"SearchAction\",\"target\":{\"@type\":\"EntryPoint\",\"urlTemplate\":\"https:\\\/\\\/www.akademiephilippi.de\\\/?s={search_term_string}\"},\"query-input\":{\"@type\":\"PropertyValueSpecification\",\"valueRequired\":true,\"valueName\":\"search_term_string\"}}],\"inLanguage\":\"de\"}]}<\/script>\n<!-- \/ Yoast SEO plugin. -->","yoast_head_json":{"title":"Impressum - Forschungs- und Lehrakademie f\u00fcr Bioenergetik und Bioinformatik","description":"Impressum der Forschungs- und Lehrakademie f\u00fcr Bioeneretik und Bioinformatik.","robots":{"index":"index","follow":"follow","max-snippet":"max-snippet:-1","max-image-preview":"max-image-preview:large","max-video-preview":"max-video-preview:-1"},"canonical":"https:\/\/www.akademiephilippi.de\/index.php\/impressum\/","og_locale":"de_DE","og_type":"article","og_title":"Impressum","og_description":"Impressum der Forschungs- und Lehrakademie f\u00fcr Bioeneretik und Bioinformatik.","og_url":"https:\/\/www.akademiephilippi.de\/index.php\/impressum\/","og_site_name":"Forschungs- und Lehrakademie f\u00fcr Bioenergetik und Bioinformatik","article_modified_time":"2024-09-05T14:17:31+00:00","og_image":[{"width":2000,"height":1179,"url":"https:\/\/www.akademiephilippi.de\/wp-content\/uploads\/2024\/05\/MG_6961kufkfk-11.jpg","type":"image\/jpeg"}],"twitter_card":"summary_large_image","twitter_title":"Impressum","twitter_description":"Impressum der Forschungs- und Lehrakademie f\u00fcr Bioeneretik und Bioinformatik.","twitter_image":"https:\/\/www.akademiephilippi.de\/wp-content\/uploads\/2024\/05\/MG_6961kufkfk-11.jpg","twitter_misc":{"Gesch\u00e4tzte Lesezeit":"2\u00a0Minuten"},"schema":{"@context":"https:\/\/schema.org","@graph":[{"@type":"WebPage","@id":"https:\/\/www.akademiephilippi.de\/index.php\/impressum\/","url":"https:\/\/www.akademiephilippi.de\/index.php\/impressum\/","name":"Impressum - Forschungs- und Lehrakademie f\u00fcr Bioenergetik und Bioinformatik","isPartOf":{"@id":"https:\/\/www.akademiephilippi.de\/#website"},"primaryImageOfPage":{"@id":"https:\/\/www.akademiephilippi.de\/index.php\/impressum\/#primaryimage"},"image":{"@id":"https:\/\/www.akademiephilippi.de\/index.php\/impressum\/#primaryimage"},"thumbnailUrl":"https:\/\/www.akademiephilippi.de\/wp-content\/uploads\/2024\/05\/MG_6961kufkfk-11.jpg","datePublished":"2023-07-11T14:07:07+00:00","dateModified":"2024-09-05T14:17:31+00:00","description":"Impressum der Forschungs- und Lehrakademie f\u00fcr Bioeneretik und Bioinformatik.","breadcrumb":{"@id":"https:\/\/www.akademiephilippi.de\/index.php\/impressum\/#breadcrumb"},"inLanguage":"de","potentialAction":[{"@type":"ReadAction","target":["https:\/\/www.akademiephilippi.de\/index.php\/impressum\/"]}]},{"@type":"ImageObject","inLanguage":"de","@id":"https:\/\/www.akademiephilippi.de\/index.php\/impressum\/#primaryimage","url":"https:\/\/www.akademiephilippi.de\/wp-content\/uploads\/2024\/05\/MG_6961kufkfk-11.jpg","contentUrl":"https:\/\/www.akademiephilippi.de\/wp-content\/uploads\/2024\/05\/MG_6961kufkfk-11.jpg","width":2000,"height":1179},{"@type":"BreadcrumbList","@id":"https:\/\/www.akademiephilippi.de\/index.php\/impressum\/#breadcrumb","itemListElement":[{"@type":"ListItem","position":1,"name":"Startseite","item":"https:\/\/www.akademiephilippi.de\/"},{"@type":"ListItem","position":2,"name":"Impressum"}]},{"@type":"WebSite","@id":"https:\/\/www.akademiephilippi.de\/#website","url":"https:\/\/www.akademiephilippi.de\/","name":"Forschungs- und Lehrakademie f\u00fcr Bioenergetik und Bioinformatik","description":"","potentialAction":[{"@type":"SearchAction","target":{"@type":"EntryPoint","urlTemplate":"https:\/\/www.akademiephilippi.de\/?s={search_term_string}"},"query-input":{"@type":"PropertyValueSpecification","valueRequired":true,"valueName":"search_term_string"}}],"inLanguage":"de"}]}},"_links":{"self":[{"href":"https:\/\/www.akademiephilippi.de\/index.php\/wp-json\/wp\/v2\/pages\/172","targetHints":{"allow":["GET"]}}],"collection":[{"href":"https:\/\/www.akademiephilippi.de\/index.php\/wp-json\/wp\/v2\/pages"}],"about":[{"href":"https:\/\/www.akademiephilippi.de\/index.php\/wp-json\/wp\/v2\/types\/page"}],"author":[{"embeddable":true,"href":"https:\/\/www.akademiephilippi.de\/index.php\/wp-json\/wp\/v2\/users\/2"}],"replies":[{"embeddable":true,"href":"https:\/\/www.akademiephilippi.de\/index.php\/wp-json\/wp\/v2\/comments?post=172"}],"version-history":[{"count":12,"href":"https:\/\/www.akademiephilippi.de\/index.php\/wp-json\/wp\/v2\/pages\/172\/revisions"}],"predecessor-version":[{"id":614,"href":"https:\/\/www.akademiephilippi.de\/index.php\/wp-json\/wp\/v2\/pages\/172\/revisions\/614"}],"wp:featuredmedia":[{"embeddable":true,"href":"https:\/\/www.akademiephilippi.de\/index.php\/wp-json\/wp\/v2\/media\/333"}],"wp:attachment":[{"href":"https:\/\/www.akademiephilippi.de\/index.php\/wp-json\/wp\/v2\/media?parent=172"}],"curies":[{"name":"wp","href":"https:\/\/api.w.org\/{rel}","templated":true}]}}